{"id":169,"date":"2011-07-26T14:40:32","date_gmt":"2011-07-26T13:40:32","guid":{"rendered":"http:\/\/web.linijakoda.com\/?page_id=169"},"modified":"2019-11-18T14:51:26","modified_gmt":"2019-11-18T13:51:26","slug":"web-trgovine","status":"publish","type":"page","link":"http:\/\/www.linijakoda.com\/en\/proizvodi\/web-trgovine\/","title":{"rendered":"Web stores"},"content":{"rendered":"<p>Web trgovine i op\u0107enito poslovanje preko interneta ve\u0107 odavno nisu novost u svijetu, a sve ve\u0107a popularnost takvih servisa i kod nas pokazatelj su da se Hrvatski potro\u0161a\u010d sve \u010de\u0161\u0107e odlu\u010duje za kupnju preko interneta.<\/p>\n<p><a href=\"http:\/\/www.linijakoda.com\/wp-content\/uploads\/2011\/07\/Linija_koda-web-shop.jpg\"><img fetchpriority=\"high\" decoding=\"async\" class=\"alignright wp-image-285 size-full\" src=\"http:\/\/www.linijakoda.com\/wp-content\/uploads\/2011\/07\/Linija_koda-web-shop.jpg\" alt=\"Linija_koda-web-shop\" width=\"256\" height=\"256\" srcset=\"http:\/\/www.linijakoda.com\/wp-content\/uploads\/2011\/07\/Linija_koda-web-shop.jpg 256w, http:\/\/www.linijakoda.com\/wp-content\/uploads\/2011\/07\/Linija_koda-web-shop-150x150.jpg 150w\" sizes=\"(max-width: 256px) 100vw, 256px\" \/><\/a>Prednosti web trgovina nad drugim vidovima prodaje su vi\u0161estruke:<\/p>\n<ul>\n<li>tro\u0161kovi potrebni za po\u010detak rada (prodaje) su vi\u0161estruko manji od bilo kojeg drugog klasi\u010dnog oblika prodaje<\/li>\n<li>jednostavnost upravljanja trgovinom<\/li>\n<li>jednostavnost narud\u017ebe i pla\u0107anja<\/li>\n<li>jeftiniji i lak\u0161i oblici marketinga<\/li>\n<li>lak\u0161i pronalazak ciljane skupine<\/li>\n<li>mogu\u0107nost prodaje na samo u Hrvatskoj nego i u inozemstvu<\/li>\n<li>lak\u0161e i jednostavnije pra\u0107enje prometa, dobivanje statistika prodaje itd<\/li>\n<li>jednostavna koegzistencija sa postoje\u0107im drugim kanalima prodaje<\/li>\n<\/ul>\n<p>U dana\u0161nje vrijeme u kojem konkurencija je neumoljiva, a put do pronalaska kupca sve te\u017ei ove prednosti mogu donijeti prevagu u poslovanju ili \u010dak potpuno promijeniti poslovanje.<\/p>\n<p>Kako smo preko na\u0161ih klijenata dobivali sve vi\u0161e zahtjeva za ovakvim web servisima odlu\u010dili smo svojim \u00a0znanjem i resursima filtrirati golemi broj rje\u0161enja kako bi na kraju mogli ponudi ono koje tehni\u010dkim i funkcionalnim karakteristikama najbolje odgovara na te zahtjeve.<\/p>\n<p>Odli\u010dni web servis nadopunili smo potpuno prilago\u0111enom verzijom za Hrvatsku uklju\u010duju\u0107i jezi\u010dno su\u010delje, izra\u010dun po\u0161tarine itd., a na\u0161e znanje omogu\u0107uje prakti\u010dki beskona\u010dne mogu\u0107nosti prilago\u0111avanja Va\u0161im potrebama.Svaki projekt pa tako i Va\u0161 projekt web trgovine po\u010dinje razgovorom stoga vas pozivamo Vas da nam se <a href=\"http:\/\/web.linijakoda.com\/kontakt\/kontakt\/\">obratite<\/a> sa povjerenjem!<\/p>\n<p>Neke od funkcionalnosti su slijede\u0107e:<\/p>\n<p><strong>KONTROLNA PLO\u010cA<\/strong><\/p>\n<ul>\n<li>Statusi za svaku pojedinu narud\u017ebu<\/li>\n<li>Izvje\u0161taj o nepotpunim narud\u017ebama (npr. sve narud\u017ebe za koje se \u010deka uplata)<\/li>\n<li>Izvje\u0161taj o registriranim korisnicima<\/li>\n<li>najbolje prodavani proizvodi po koli\u010dini<\/li>\n<li>najbolje prodavani proizvodi po iznosu<\/li>\n<\/ul>\n<p><strong>ARTIKLI<\/strong><\/p>\n<ul>\n<li>Unos naziva artikla, kratkog i detaljnog opisa artikla (opisni tekst koji \u0107e se pojaviti uz artikl)<\/li>\n<li>Izbor \u017eeljenog na\u010dina prikaza artikla u shopu ( u mre\u017ei, lista i sl.)<\/li>\n<li>Odabir artikala za prikaz na po\u010detnoj stranici (mo\u017eete ru\u010dno odabrati artikle koji \u0107e se prikazivati na po\u010detnoj stranici shopa)<\/li>\n<li>Optimizacija za internet tra\u017eilice svakog pojedinog artikla<\/li>\n<li>Varijante za svaki pojedini artikl (boja, okus, veli\u010dina i sl.) koje se mogu prikazivati u obliku liste ili npr. padaju\u0107eg menija.<\/li>\n<li>Povezivanje sa sli\u010dnim proizvodima po kategoriji i proizvo\u0111a\u010du<\/li>\n<li>Unos vi\u0161e fotografija za svaki artikl<\/li>\n<li>Unos \u0161ifre artikla, cijene, akcijske cijene, odabir datuma akcije za svaki proizvod<\/li>\n<li>odabir metoda pla\u0107anja, metoda dostave, metoda izra\u010duna cijene<\/li>\n<li>izrada poklon bona i datuma dostupnosti<\/li>\n<li>definiranje veli\u010dine i te\u017eine proizvoda, poreza i poreznih olak\u0161ica<\/li>\n<li>pra\u0107enje stanja i obavijesti o niskom stanju na skladi\u0161tu, dopu\u0161tene koli\u010dine za narud\u017ebu i sl.<\/li>\n<li>Komentari na artikl<\/li>\n<li>pretplata<\/li>\n<li>napla\u0107ivanje artikala koji su dostupni za preuzimanje ( digitalni sadr\u017eaj )<\/li>\n<\/ul>\n<p><strong>SU\u010cELJE<\/strong><\/p>\n<ul>\n<li>interna tra\u017eilica portala<\/li>\n<li>meni po kategorijama proizvoda i proizvo\u0111a\u010da<\/li>\n<li>uklju\u010deni tekstovi za izjavu o privatnosti, dostavi i uvjeti upotrebe<\/li>\n<li>funkcionalnosti za blog, forum, ankete i newsletter<\/li>\n<li>prijava korisnika putem forumulara ili vanjskih servisa (Facebook, Gmail, Yahoo itd.)<\/li>\n<li>ko\u0161arica, blagajna, povijest narud\u017ebi, lista \u017eelja, slanje poziva prijatelju&#8230;.<\/li>\n<li>lako definiranje na\u010dina pla\u0107anja i dostave<\/li>\n<li>kalkulator za izra\u010dun cijene dostave prije odlaska na blagajnu<\/li>\n<li>potpuna vi\u0161ejezi\u010dnost uklju\u010duju\u0107i i administratorsko su\u010delje<\/li>\n<\/ul>\n<p><strong>KUPCI<\/strong><\/p>\n<ul>\n<li>podjela korisnika na kategorije<\/li>\n<li>pregled povijesti narud\u017ebi<\/li>\n<li>nagradni bodovi<\/li>\n<li>pregled ko\u0161arice kupca, liste \u017eelja i ostalih aktivnosti na shopu<\/li>\n<li>pregled ljestvice najboljih kupaca po koli\u010dini i iznosu<\/li>\n<\/ul>\n<p><strong>PRODAJA<\/strong><\/p>\n<ul>\n<li>pregled narud\u017ebi<\/li>\n<li>pretplate<\/li>\n<li>pregled po\u0161iljki i statusa po\u0161iljki<\/li>\n<li>pregled aktivnih poklon bonova<\/li>\n<li>pregled trenutnih artikala u ko\u0161aricama korisnika<\/li>\n<li>pregled trenutne liste \u017eelja va\u0161ih kupaca<\/li>\n<li>pregled najbolje prodavanih proizvoda<\/li>\n<li>pregled proizvoda koji nikada nisu kupljeni<\/li>\n<li>mogu\u0107nost pra\u0107enja prometa kupaca koji su do\u0161li sa odre\u0111ene web adrese<\/li>\n<li>mogu\u0107nost izrade kampanja za prodaju<\/li>\n<li>mogu\u0107nost uvo\u0111enja akcijskog sni\u017eenja<\/li>\n<li>ograni\u010denje prodaje na pojedine dr\u017eave<\/li>\n<li>ograni\u010denje dostave na pojedine dr\u017eave<\/li>\n<\/ul>\n<p>&nbsp;<\/p>\n<p>Neki od na\u0161ih projekata:<\/p>\n<p style=\"text-align: center;\"><a href=\"http:\/\/shop.vulkal.hr\" target=\"_blank\" rel=\"noopener noreferrer\">www.shop.vulkal.hr<\/a><\/p>\n<p style=\"text-align: center;\"><a href=\"http:\/\/www.budivelik.hr\" target=\"_blank\" rel=\"noopener noreferrer\">www.budivelik.hr<\/a><\/p>\n<p style=\"text-align: center;\"><a href=\"http:\/\/www.bbvsport.hr\/\" target=\"_blank\" rel=\"noopener noreferrer\">www.bbvsport.hr<\/a><\/p>\n<p style=\"text-align: center;\"><a href=\"https:\/\/www.czs.hr\/hr\/\" target=\"_blank\" rel=\"noopener noreferrer\">www.czs.hr<\/a><\/p>\n<p>&nbsp;<\/p>","protected":false},"excerpt":{"rendered":"<p>Web trgovine i op\u0107enito poslovanje preko interneta ve\u0107 odavno nisu novost u svijetu, a sve ve\u0107a popularnost takvih servisa i kod nas pokazatelj su da se Hrvatski potro\u0161a\u010d sve \u010de\u0161\u0107e odlu\u010duje za kupnju preko interneta. Prednosti web trgovina nad drugim vidovima prodaje su vi\u0161estruke: tro\u0161kovi potrebni za po\u010detak rada (prodaje) su vi\u0161estruko manji od bilo&hellip;&nbsp;<a href=\"http:\/\/www.linijakoda.com\/en\/proizvodi\/web-trgovine\/\" class=\"\" rel=\"bookmark\">Read More &raquo;<span class=\"screen-reader-text\">Web stores<\/span><\/a><\/p>","protected":false},"author":1,"featured_media":0,"parent":16,"menu_order":5,"comment_status":"closed","ping_status":"closed","template":"","meta":{"neve_meta_sidebar":"default","neve_meta_container":"default","neve_meta_enable_content_width":"off","neve_meta_content_width":70,"neve_meta_title_alignment":"","neve_meta_author_avatar":"","neve_post_elements_order":"","neve_meta_disable_header":"off","neve_meta_disable_footer":"off","neve_meta_disable_title":"off","footnotes":""},"class_list":["post-169","page","type-page","status-publish","hentry"],"_links":{"self":[{"href":"http:\/\/www.linijakoda.com\/en\/wp-json\/wp\/v2\/pages\/169","targetHints":{"allow":["GET"]}}],"collection":[{"href":"http:\/\/www.linijakoda.com\/en\/wp-json\/wp\/v2\/pages"}],"about":[{"href":"http:\/\/www.linijakoda.com\/en\/wp-json\/wp\/v2\/types\/page"}],"author":[{"embeddable":true,"href":"http:\/\/www.linijakoda.com\/en\/wp-json\/wp\/v2\/users\/1"}],"replies":[{"embeddable":true,"href":"http:\/\/www.linijakoda.com\/en\/wp-json\/wp\/v2\/comments?post=169"}],"version-history":[{"count":16,"href":"http:\/\/www.linijakoda.com\/en\/wp-json\/wp\/v2\/pages\/169\/revisions"}],"predecessor-version":[{"id":644,"href":"http:\/\/www.linijakoda.com\/en\/wp-json\/wp\/v2\/pages\/169\/revisions\/644"}],"up":[{"embeddable":true,"href":"http:\/\/www.linijakoda.com\/en\/wp-json\/wp\/v2\/pages\/16"}],"wp:attachment":[{"href":"http:\/\/www.linijakoda.com\/en\/wp-json\/wp\/v2\/media?parent=169"}],"curies":[{"name":"wp","href":"https:\/\/api.w.org\/{rel}","templated":true}]}}