{"id":40,"date":"2011-07-14T14:22:03","date_gmt":"2011-07-14T13:22:03","guid":{"rendered":"http:\/\/web.linijakoda.com\/?page_id=40"},"modified":"2019-11-19T09:16:59","modified_gmt":"2019-11-19T08:16:59","slug":"podaci-o-tvrtki","status":"publish","type":"page","link":"http:\/\/www.linijakoda.com\/en\/podaci-o-tvrtki\/","title":{"rendered":"Company info"},"content":{"rendered":"<table border=\"1\" cellspacing=\"0\" cellpadding=\"0\">\n<tbody>\n<tr>\n<td valign=\"top\" nowrap=\"nowrap\">\n<p align=\"right\"><strong>Mati\u010dni broj<\/strong><\/p>\n<\/td>\n<td valign=\"top\">2166500<\/td>\n<\/tr>\n<tr>\n<td valign=\"top\" nowrap=\"nowrap\">\n<p align=\"right\"><strong>MBS<\/strong><strong><br \/>\nOIB<\/strong><\/p>\n<\/td>\n<td valign=\"top\">80591201<br \/>\n83514720123<\/td>\n<\/tr>\n<tr>\n<td valign=\"top\" nowrap=\"nowrap\">\n<p align=\"right\"><strong>Skra\u0107ena tvrtka\/naziv<\/strong><\/p>\n<\/td>\n<td valign=\"top\">LINIJA KODA d.o.o.<\/td>\n<\/tr>\n<tr>\n<td valign=\"top\" nowrap=\"nowrap\">\n<p align=\"right\"><strong>Tvrtka\/naziv<\/strong><\/p>\n<\/td>\n<td valign=\"top\">LINIJA KODA d.o.o. za ra\u010dunalne i srodne djelatnosti<\/td>\n<\/tr>\n<tr>\n<td valign=\"top\" nowrap=\"nowrap\">\n<p align=\"right\"><strong>Ulica<\/strong><\/p>\n<\/td>\n<td valign=\"top\">Rebar 44<\/td>\n<\/tr>\n<tr>\n<td valign=\"top\" nowrap=\"nowrap\">\n<p align=\"right\"><strong>Mjesto<\/strong><\/p>\n<\/td>\n<td valign=\"top\">ZAGREB<\/td>\n<\/tr>\n<tr>\n<td valign=\"top\" nowrap=\"nowrap\">\n<p align=\"right\"><strong>Op\u0107ina<\/strong><\/p>\n<\/td>\n<td valign=\"top\">GRAD ZAGREB<\/td>\n<\/tr>\n<tr>\n<td valign=\"top\" nowrap=\"nowrap\">\n<p align=\"right\"><strong>Po\u0161ta<\/strong><\/p>\n<\/td>\n<td valign=\"top\">10000 Zagreb<\/td>\n<\/tr>\n<tr>\n<td valign=\"top\" nowrap=\"nowrap\">\n<p align=\"right\"><strong>Tel:<\/strong><\/p>\n<\/td>\n<td valign=\"top\">+385 1 6389220<\/td>\n<\/tr>\n<tr>\n<td valign=\"top\" nowrap=\"nowrap\">\n<p align=\"right\"><strong>Email:<\/strong><\/p>\n<\/td>\n<td valign=\"top\"><a href=\"mailto:feedback@linijakoda.com\">feedback@linijakoda.com<\/a>*<\/td>\n<\/tr>\n<tr>\n<td valign=\"top\" nowrap=\"nowrap\">\n<p align=\"right\"><strong>Direktori<\/strong><\/p>\n<\/td>\n<td valign=\"top\">Damir Peharec i Petar Weigand<\/td>\n<\/tr>\n<tr>\n<td valign=\"top\" nowrap=\"nowrap\">\n<p align=\"right\"><strong>Godina osnivanja<\/strong><\/p>\n<\/td>\n<td valign=\"top\">2007<\/td>\n<\/tr>\n<tr>\n<td valign=\"top\" nowrap=\"nowrap\">\n<p align=\"right\"><strong>Glavna djelatnost<\/strong><\/p>\n<\/td>\n<td valign=\"top\">Informati\u010dke<\/td>\n<\/tr>\n<tr>\n<td valign=\"top\" nowrap=\"nowrap\">\n<p align=\"right\"><strong>Broj zaposlenih<\/strong><\/p>\n<\/td>\n<td valign=\"top\">3<\/td>\n<\/tr>\n<tr>\n<td valign=\"top\" nowrap=\"nowrap\">\n<p align=\"right\"><strong>Veli\u010dina poduze\u0107a<\/strong><\/p>\n<\/td>\n<td valign=\"top\">Malo<\/td>\n<\/tr>\n<tr>\n<td valign=\"top\" nowrap=\"nowrap\">\n<p align=\"right\"><strong>Pravni oblik<\/strong><\/p>\n<\/td>\n<td valign=\"top\">Dru\u0161tvo s ograni\u010denom odgovorno\u0161\u0107u<\/td>\n<\/tr>\n<tr>\n<td valign=\"top\" nowrap=\"nowrap\">\n<p align=\"right\"><strong>Glavni transakcijski ra\u010dun<\/strong><\/p>\n<\/td>\n<td valign=\"top\">2484008-1103973934\u00a0 (RBA)<\/td>\n<\/tr>\n<tr>\n<td valign=\"top\" nowrap=\"nowrap\">\n<p align=\"right\"><strong>Datum registracije TS<\/strong><\/p>\n<\/td>\n<td valign=\"top\">10.01.2007<\/td>\n<\/tr>\n<tr>\n<td valign=\"top\" nowrap=\"nowrap\">\n<p align=\"right\"><strong>Adresa za dostave<\/strong><\/p>\n<\/td>\n<td valign=\"top\">Ul. Marije Radi\u0107 6, Zagreb<\/td>\n<\/tr>\n<tr>\n<td colspan=\"2\"><small>*Na navedene kontaktne informacije nije dopu\u0161teno slanje promid\u017ebenih poruka!<\/small><\/td>\n<\/tr>\n<\/tbody>\n<\/table>","protected":false},"excerpt":{"rendered":"<p>Mati\u010dni broj 2166500 MBS OIB 80591201 83514720123 Skra\u0107ena tvrtka\/naziv LINIJA KODA d.o.o. Tvrtka\/naziv LINIJA KODA d.o.o. za ra\u010dunalne i srodne djelatnosti Ulica Rebar 44 Mjesto ZAGREB Op\u0107ina GRAD ZAGREB Po\u0161ta 10000 Zagreb Tel: +385 1 6389220 Email: feedback@linijakoda.com* Direktori Damir Peharec i Petar Weigand Godina osnivanja 2007 Glavna djelatnost Informati\u010dke Broj zaposlenih 3 Veli\u010dina poduze\u0107a&hellip;&nbsp;<a href=\"http:\/\/www.linijakoda.com\/en\/podaci-o-tvrtki\/\" class=\"\" rel=\"bookmark\">Read More &raquo;<span class=\"screen-reader-text\">Company info<\/span><\/a><\/p>","protected":false},"author":1,"featured_media":0,"parent":0,"menu_order":0,"comment_status":"closed","ping_status":"closed","template":"","meta":{"neve_meta_sidebar":"right","neve_meta_container":"default","neve_meta_enable_content_width":"off","neve_meta_content_width":70,"neve_meta_title_alignment":"","neve_meta_author_avatar":"","neve_post_elements_order":"","neve_meta_disable_header":"off","neve_meta_disable_footer":"off","neve_meta_disable_title":"off","footnotes":""},"class_list":["post-40","page","type-page","status-publish","hentry"],"_links":{"self":[{"href":"http:\/\/www.linijakoda.com\/en\/wp-json\/wp\/v2\/pages\/40","targetHints":{"allow":["GET"]}}],"collection":[{"href":"http:\/\/www.linijakoda.com\/en\/wp-json\/wp\/v2\/pages"}],"about":[{"href":"http:\/\/www.linijakoda.com\/en\/wp-json\/wp\/v2\/types\/page"}],"author":[{"embeddable":true,"href":"http:\/\/www.linijakoda.com\/en\/wp-json\/wp\/v2\/users\/1"}],"replies":[{"embeddable":true,"href":"http:\/\/www.linijakoda.com\/en\/wp-json\/wp\/v2\/comments?post=40"}],"version-history":[{"count":10,"href":"http:\/\/www.linijakoda.com\/en\/wp-json\/wp\/v2\/pages\/40\/revisions"}],"predecessor-version":[{"id":562,"href":"http:\/\/www.linijakoda.com\/en\/wp-json\/wp\/v2\/pages\/40\/revisions\/562"}],"wp:attachment":[{"href":"http:\/\/www.linijakoda.com\/en\/wp-json\/wp\/v2\/media?parent=40"}],"curies":[{"name":"wp","href":"https:\/\/api.w.org\/{rel}","templated":true}]}}