{"id":100,"date":"2011-07-17T14:54:23","date_gmt":"2011-07-17T13:54:23","guid":{"rendered":"http:\/\/web.linijakoda.com\/?page_id=100"},"modified":"2012-04-23T14:06:20","modified_gmt":"2012-04-23T13:06:20","slug":"jingler","status":"publish","type":"page","link":"https:\/\/www.linijakoda.com\/en\/jingler\/","title":{"rendered":"Jingler"},"content":{"rendered":"<p style=\"text-align: justify;\">Aplikacija &#8220;<strong>Jingler<\/strong>&#8221; slu\u017ei snimanju i reprodukciji audio sadr\u017eaja obi\u010dno u trgovinama, javnim prostorima, ve\u0107im prodajnim centrima i sl.\u00a0 Aplikaciju, za razliku od konkurentnih rije\u0161enja, prvenstveno odlikuje jednostavnost kori\u0161tenja i stabilnost rada \u0161to smo odredili kao dvije glavne osobine koje mora imati &#8220;<strong>Jingler<\/strong>&#8220;aplikacija.<\/p>\n<p>\u00a0Aplikaciju &#8220;<strong>Jingler<\/strong>&#8221; odlikuju slijede\u0107e osobine:<\/p>\n<ul>\n<li><a href=\"http:\/\/www.linijakoda.com\/wp-content\/uploads\/2011\/07\/Jingler-logo-vector.gif\"><img decoding=\"async\" class=\"alignright size-full wp-image-97\" title=\"PageLines- Jingler-logo---vector.gif\" src=\"http:\/\/www.linijakoda.com\/wp-content\/uploads\/2011\/07\/Jingler-logo-vector.gif\" alt=\"\" width=\"200\" height=\"200\" srcset=\"https:\/\/www.linijakoda.com\/wp-content\/uploads\/2011\/07\/Jingler-logo-vector.gif 200w, https:\/\/www.linijakoda.com\/wp-content\/uploads\/2011\/07\/Jingler-logo-vector-150x150.gif 150w\" sizes=\"(max-width: 200px) 100vw, 200px\" \/><\/a>brza instalacija<\/li>\n<li>jednostavnost kori\u0161tenja<\/li>\n<li>mogu\u0107nost jednostavnog snimanja promid\u017ebneih spotova u audio formatu ( reklame, informacije o akcijama, upute za kupce i sl.)<\/li>\n<li>jednostavno i brzo kreiranje rasporeda reprodukcije spotova (play list)<\/li>\n<li>jednostavno pode\u0161avanje intervala reprodukcije<\/li>\n<li>jednostavno ubacivanje postoje\u0107ih spotova, gongova i sl.<\/li>\n<li>pode\u0161avanje automatskog pu\u0161tanja u odre\u0111enom vremenskom intervalu ( naprimjer tokom radnog vremena)<\/li>\n<li>preslu\u0161avanje snimljenih spotova, njihovo brisanje i ponovno snimanje<\/li>\n<li>brza i jednostavna edukacija kori\u0161tenja koja traje 1h nakon \u010dega garantiramo spremnost osoblja za rad sa aplikacijom<\/li>\n<\/ul>\n<p>Korisnik priikom kupnje dobiva instalacijski medij sa svim potrebnim instalacijama kao i upute za kori\u0161tenje u pisanom i digitalnom obliku.<\/p>\n<p>Preuzmite <a href=\"http:\/\/www.linijakoda.com\/en\/Portals\/LinijaKodaHr\/dokumenti\/Jingler%20v2.01%20Users%20Manual.pdf\/\" target=\"_blank\">upute za kori\u0161tenje<\/a>.<\/p>","protected":false},"excerpt":{"rendered":"<p>Aplikacija &#8220;Jingler&#8221; slu\u017ei snimanju i reprodukciji audio sadr\u017eaja obi\u010dno u trgovinama, javnim prostorima, ve\u0107im prodajnim centrima i sl.\u00a0 Aplikaciju, za razliku od konkurentnih rije\u0161enja, prvenstveno odlikuje jednostavnost kori\u0161tenja i stabilnost rada \u0161to smo odredili kao dvije glavne osobine koje mora imati &#8220;Jingler&#8220;aplikacija. \u00a0Aplikaciju &#8220;Jingler&#8221; odlikuju slijede\u0107e osobine: brza instalacija jednostavnost kori\u0161tenja mogu\u0107nost jednostavnog snimanja promid\u017ebneih&hellip;&nbsp;<a href=\"https:\/\/www.linijakoda.com\/en\/jingler\/\" class=\"\" rel=\"bookmark\">Read More &raquo;<span class=\"screen-reader-text\">Jingler<\/span><\/a><\/p>","protected":false},"author":1,"featured_media":0,"parent":0,"menu_order":0,"comment_status":"closed","ping_status":"closed","template":"","meta":{"neve_meta_sidebar":"","neve_meta_container":"","neve_meta_enable_content_width":"","neve_meta_content_width":0,"neve_meta_title_alignment":"","neve_meta_author_avatar":"","neve_post_elements_order":"","neve_meta_disable_header":"","neve_meta_disable_footer":"","neve_meta_disable_title":"","footnotes":""},"class_list":["post-100","page","type-page","status-publish","hentry"],"_links":{"self":[{"href":"https:\/\/www.linijakoda.com\/en\/wp-json\/wp\/v2\/pages\/100","targetHints":{"allow":["GET"]}}],"collection":[{"href":"https:\/\/www.linijakoda.com\/en\/wp-json\/wp\/v2\/pages"}],"about":[{"href":"https:\/\/www.linijakoda.com\/en\/wp-json\/wp\/v2\/types\/page"}],"author":[{"embeddable":true,"href":"https:\/\/www.linijakoda.com\/en\/wp-json\/wp\/v2\/users\/1"}],"replies":[{"embeddable":true,"href":"https:\/\/www.linijakoda.com\/en\/wp-json\/wp\/v2\/comments?post=100"}],"version-history":[{"count":5,"href":"https:\/\/www.linijakoda.com\/en\/wp-json\/wp\/v2\/pages\/100\/revisions"}],"predecessor-version":[{"id":355,"href":"https:\/\/www.linijakoda.com\/en\/wp-json\/wp\/v2\/pages\/100\/revisions\/355"}],"wp:attachment":[{"href":"https:\/\/www.linijakoda.com\/en\/wp-json\/wp\/v2\/media?parent=100"}],"curies":[{"name":"wp","href":"https:\/\/api.w.org\/{rel}","templated":true}]}}