{"id":126,"date":"2011-07-18T14:02:48","date_gmt":"2011-07-18T13:02:48","guid":{"rendered":"http:\/\/web.linijakoda.com\/?page_id=126"},"modified":"2014-12-11T15:19:48","modified_gmt":"2014-12-11T14:19:48","slug":"racunalni-sustavi","status":"publish","type":"page","link":"https:\/\/www.linijakoda.com\/en\/sample-page\/racunalni-sustavi\/","title":{"rendered":"IT infrastructure"},"content":{"rendered":"<h3><\/h3>\n<h3>Projektiranje<\/h3>\n<p><strong><a href=\"http:\/\/web.linijakoda.com\/wp-content\/uploads\/2011\/07\/LKweb_systems_2.jpg\"><img decoding=\"async\" class=\"alignright wp-image-142 size-full\" style=\"margin: 10px;\" title=\"LKweb_systems_2\" src=\"http:\/\/www.linijakoda.com\/wp-content\/uploads\/2011\/07\/LKweb_systems_2.jpg\" alt=\"\" width=\"150\" height=\"140\" \/><\/a>Linija koda d.o.o.<\/strong>\u00a0nudi svojim klijentima usluge projektiranja ra\u010dunalnih sustava. Prilikom projektiranja vodimo se najnovijim spoznajama na podru\u010dju ra\u010dunalinih mre\u017ea i sustava.<\/p>\n<p>Na\u0161i sistem administratori i programeri projektiraju ra\u010dunalne sustave za tvrtke koje nemaju potrebu ili mogu\u0107nost zapo\u0161ljavanja vlastitih stru\u010dnjaka kao i za one tvrtke koje imaju vlastiti kadar i \u017eele samo konzultantske usluge.<\/p>\n<p>Na\u0161 stru\u010dni i osposobljeni kadar pomo\u0107i \u0107e Vam da putem metode<strong>\u00a0&#8220;klju\u010d u ruke&#8221;<\/strong>\u00a0ili k<strong>onzultantskim uslugama<\/strong>\u00a0dobijete ra\u010dunalnu mre\u017eu koja \u0107e odgovarati\u00a0<strong>va\u0161im realnim potrebama<\/strong>, a biti \u0107e u stanju se lako prilagoditi pove\u0107anju radnih mjesta, novim tehnologijama i zahtjevima tr\u017ei\u0161nog poslovanja.<\/p>\n<p>Ovdje treba napomenuti da za razliku od na\u0161e konkurencije<strong>\u00a0Linija koda d.o.o.\u00a0<\/strong><span style=\"text-decoration: underline;\">ne bavi<\/span>\u00a0prodajom ra\u010dunalne opreme tako da je jedina nit vodilja\u00a0<strong>najbolje rije\u0161enje za na\u0161eg klijenta<\/strong>, a ne profit od trgova\u010dkim mar\u017ei.<\/p>\n<p>Na\u0161i klijenti pla\u0107aju isklju\u010divo\u00a0<strong>na\u0161e znanje i rad<\/strong>\u00a0pa nam je tako u zajedni\u010dkom interesu \u0161to bolji i stabilniji ra\u010dunalni sustav.<\/p>\n<p>Prilikom cijelog procesa planiranja ra\u010dunalne mre\u017ee, zajedno sa klijentom, planiramo ra\u010dunalnu mre\u017eu koja \u0107e biti skalabilna, moderna, pouzdana i lako odr\u017eavana sa naglaskom na\u00a0<strong>optimalno ulaganje u ra\u010dunlani sustav<\/strong>\u00a0od strane na\u0161eg klijenta.<\/p>\n<p>Menagment na\u0161eg klijenta tako od samog po\u010detka\u00a0<strong>aktivno sudjeluje u kreiranju ra\u010dunalnog sustava<\/strong>\u00a0jer upravo oni mogu pru\u017eiti najbolju sliku o tome \u0161to se od sustava o\u010dekuje sada, a \u0161to u budu\u0107nosti. Prema na\u0161im iskustvima samo putem ovake suradnje mo\u017ee se do\u0107i do\u00a0<strong>optimalnih rije\u0161enja<\/strong>\u00a0gdje je uloga menagmenta da uka\u017ee na potrebe poslovanja, a na\u0161a uloga da ponudimo rije\u0161enja za zadovoljavanje tih potreba.<\/p>\n<p>&nbsp;<\/p>\n<p><span class=\"Apple-style-span\" style=\"font-size: 21px; line-height: 25px;\">Izrada ra\u010dunalnog sustava<\/span><\/p>\n<p>Dobro isplaniran ra\u010dunalni sustav je temelj svakoj modernoj ra\u010dunalnoj mre\u017ei koja bi trebala funkcionirati gotovo besprijekorno.<\/p>\n<p><a href=\"http:\/\/web.linijakoda.com\/wp-content\/uploads\/2011\/07\/2519747ylw3y22r.jpg\"><img fetchpriority=\"high\" decoding=\"async\" class=\"alignleft wp-image-145 size-medium\" style=\"margin: 10px;\" title=\"Izrada racunalnog sustava 1\" src=\"http:\/\/www.linijakoda.com\/wp-content\/uploads\/2011\/07\/2519747ylw3y22r-300x199.jpg\" alt=\"\" width=\"300\" height=\"199\" srcset=\"https:\/\/www.linijakoda.com\/wp-content\/uploads\/2011\/07\/2519747ylw3y22r-300x199.jpg 300w, https:\/\/www.linijakoda.com\/wp-content\/uploads\/2011\/07\/2519747ylw3y22r.jpg 400w\" sizes=\"(max-width: 300px) 100vw, 300px\" \/><\/a>Tako\u0111er, dobro planiranje ra\u010dunalne mre\u017ee omogu\u0107ava dovo\u0111enje prekida u radu na minimum, a tako i gubitke nastale prekidom u radu ra\u010dunalne mre\u017ee koja je temelj svakog modernog poslovanja.<\/p>\n<p>Ipak iskustva pokazuju da gre\u0161ke u implementiranju su u\u010destalije od gre\u0161ki u samom planiranju. \u017delja da se posao obavi u \u0161to kra\u0107em roku dovodi do &#8220;pre\u010daca&#8221; koji prije ili kasnije stvore ogromne probleme kako korisnicima mre\u017ee tako i onome tko odr\u017eava takvu ra\u010dunalnu mre\u017eu.<\/p>\n<p>Striktnim slije\u0111enjem projekta ra\u010dunalne mre\u017ee i kori\u0161tenje svih standarda jam\u010di ne samo siguran i stabilan rad mre\u017ee nego i lako preuzimanje odr\u017eavanja mre\u017ee odnosno nadogradnje.<\/p>\n<p>Standardi koji su odavno odre\u0111eni jam\u010de da svaki sistem administrator ili mre\u017eni administrator \u0107e mo\u0107i bez problema raditi na mre\u017ei znaju\u0107i osnovne standarde i projektnu dokumentaciju.<\/p>\n<p>Na \u017ealost mnogo puta je ba\u0161 ovaj dio podlo\u017ean improvizacijama i &#8220;jednostavnijim&#8221; rje\u0161enjima.<\/p>\n<p>U ovom dijelu Linija koda d.o.o. mo\u017ee vam pomo\u0107i implementiranjem mre\u017ee od strane svojih tehni\u010dara koji \u0107e slijediti standarde primjene ili \u0107e, kao konzultant, nadgledati samu primjenu i jam\u010diti vam implementaciju po standardima struke kao i zavr\u0161no testiranje ra\u010dunalne mre\u017ee, a time i garancije njene inspravnosti.<\/p>\n<p>&nbsp;<\/p>\n<p><span class=\"Apple-style-span\" style=\"font-size: 21px; line-height: 25px;\">Odr\u017eavanje ra\u010dunalnog sustava<\/span><\/p>\n<p>Odr\u017eavanje ra\u010dunalnog sustva je djelatnost kojom na\u0161a tvrtka jam\u010di svojim klijentima redovnu i nadasve a\u017eurnu uslugu odr\u017eavanja ra\u010dunalnog sustava.<\/p>\n<p><a href=\"http:\/\/web.linijakoda.com\/wp-content\/uploads\/2011\/07\/33905yioyg6e4xx.jpg\"><img decoding=\"async\" class=\"alignright wp-image-146 size-medium\" style=\"margin: 10px;\" title=\"33905yioyg6e4xx\" src=\"http:\/\/www.linijakoda.com\/wp-content\/uploads\/2011\/07\/33905yioyg6e4xx-300x225.jpg\" alt=\"\" width=\"300\" height=\"225\" srcset=\"https:\/\/www.linijakoda.com\/wp-content\/uploads\/2011\/07\/33905yioyg6e4xx-300x225.jpg 300w, https:\/\/www.linijakoda.com\/wp-content\/uploads\/2011\/07\/33905yioyg6e4xx.jpg 400w\" sizes=\"(max-width: 300px) 100vw, 300px\" \/><\/a>Ra\u010dunalni sustavi su svakim danom sve sigurniji i stabilniji u svom radu no aplikacije i programi koji koriste ra\u010dunalnu mre\u017eu su sve kompleksniji i zahtjevju sve vi\u0161e resursa pa su tako kvarovi i pogre\u0161ke u radu neminovne. Ve\u0107i dio tih pogre\u0161ki dolazi iz samog kori\u0161tenja ra\u010dunalnog sustava koji na dnevnoj bazi pokre\u0107u tisu\u0107e aplikacija od kojih mnoge, pogotovo one na Internetu, mogu biti inficirane malicioznim programima.<\/p>\n<p>Redovna briga o ra\u010dunalnom sustavu jam\u010di i konstantni nadzor nad svim dijelovima mre\u017ee, ranu dijagnostiku problema, a time i pravodobnu reakciju. Najosjetljiviji dijelovi sustava (serveri, aktivna mre\u017ena oprema itd.) se svakodnevno nadziru udaljenim pristupom od strane na\u0161ih djelatnika. Kako bi nadzor bio na razini 24\/7 uveli smo de\u017eursva kao i SMS osnosno E-mail sutav obavje\u0161tavanja kojim smo osigurali prekti\u010dki real time upu\u0107enost u ono \u0161to se de\u0161ava sa ra\u010dunalnim sustavom korisnika.<\/p>\n<p>Ovakav na\u010din rada omogu\u0107ava redovno nadgledanje ra\u010dunalnog sustava, a da sami korisnici nisu ni svjesni prisustva na\u0161ih tehni\u010dara na mre\u017ei. Ovim se osigurava i nesmetani rad i kori\u0161tenje mre\u017ee \u0161to zna\u010di da posao na\u0161eg klijenta ne trpi radi radova na mre\u017ei.<\/p>\n<p>Potpisom ugovora na\u0161 klijent postaje siguran u \u010dinjenica da je njegov ra\u010dunalni sustav redovno nadziran i kako \u0107e eventualne pote\u0161ko\u0107e biti otklonjene u najkra\u0107em mogu\u0107em roku.<\/p>\n<p>Udaljeni nadzor nam omogu\u0107ava da pomo\u0107u profesionalnih konzola pristupamo va\u0161em ra\u010dunalu iz na\u0161ih radnih prostorija gdje je reakcija svedena na samo par sekundi klikom klijenta na ikonicu: &#8220;Linija koda podr\u0161ka korisnicima&#8221;.<\/p>\n<p>&nbsp;<\/p>\n<p><span class=\"Apple-style-span\" style=\"font-size: 21px; line-height: 25px;\">Nadogradnja ra\u010dunalnog sustava<\/span><\/p>\n<p>Nadogradnja ra\u010dunalnog sustava je uobi\u010dajeni proces razvoja svake tvrtke. Nadogradnja ra\u010dunalnog sustava je nu\u017ena iz mnogo razloga: pove\u0107anje kadra, pro\u0161irenje tvrtke na nove poslovnice, pove\u0107anje proizvodnje odnosno prometa, <a href=\"http:\/\/web.linijakoda.com\/wp-content\/uploads\/2011\/07\/Linijakoda_nadogradnja.jpg\"><img loading=\"lazy\" decoding=\"async\" class=\"alignleft wp-image-139 size-full\" title=\"Linijakoda_nadogradnja\" src=\"http:\/\/www.linijakoda.com\/wp-content\/uploads\/2011\/07\/Linijakoda_nadogradnja.jpg\" alt=\"\" width=\"175\" height=\"175\" srcset=\"https:\/\/www.linijakoda.com\/wp-content\/uploads\/2011\/07\/Linijakoda_nadogradnja.jpg 175w, https:\/\/www.linijakoda.com\/wp-content\/uploads\/2011\/07\/Linijakoda_nadogradnja-150x150.jpg 150w\" sizes=\"(max-width: 175px) 100vw, 175px\" \/><\/a>nove tehnologije i nu\u017enost njihovih uvo\u0111enja kako bi ostali konkurentni na tr\u017ei\u0161tu.<\/p>\n<p>Nadogradnja mo\u017ee biti relativno jednostavan proces ukoliko je planiranje i izgradnja ra\u010dunalnog sustava rije\u0161ena na zadovoljavaju\u0107i na\u010din i ukoliko se vodilo ra\u010duna o nadogradnji prilikom projektiranja.<\/p>\n<p>Na \u017ealost to \u010desto nije slu\u010daj pa tako implementacija zahtjeva \u0161iru rekonstrukciju koja dobrim dijelom zadire i u postoje\u0107i ra\u010dunalni sustav.<\/p>\n<p>Svaka nadogradnja zapo\u010dinje planom nadogradnje pomo\u0107u kojeg se klijenta upoznaje sa nu\u017enim radovima kao i samim tro\u0161kovima. Plan omogu\u0107ava izradu dokumentacije koja \u0107e potom jam\u010diti da svaka slijede\u0107a nadogradnja, bez obzira tko ju izvodi, pro\u0111e sa znatno manjim problemima i u krajnoj liniji ulaganjima.<\/p>\n<p>Naravno kao i ostalim uslugama tako i ovdje vam mo\u017eemo ponuditi konzultantske usluge kako bi za vas nadzirali proces nadogradnje ra\u010dunalnog sustava.<\/p>\n<p>&nbsp;<\/p>\n<p><span class=\"Apple-style-span\" style=\"font-size: 21px; line-height: 25px;\">Servis ra\u010dunala<\/span><\/p>\n<p>Kako bi\u00a0<strong>ra\u010dunalne mre\u017ee funkcionirale besprijekorno<\/strong>\u00a0osnovali smo i vlastiti servis ra\u010dunalne opreme.<\/p>\n<p><a href=\"http:\/\/web.linijakoda.com\/wp-content\/uploads\/2011\/07\/Linijakoda_servis1.jpg\"><img loading=\"lazy\" decoding=\"async\" class=\"alignright wp-image-147 size-full\" title=\"Linijakoda_servis\" src=\"http:\/\/www.linijakoda.com\/wp-content\/uploads\/2011\/07\/Linijakoda_servis1.jpg\" alt=\"\" width=\"100\" height=\"87\" \/><\/a>Servisu je namjena da odr\u017eavanja opreme (ra\u010dunala, servera, periferne opreme itd.) ostane unutar tvrtke kako bi se ponovno izbjegle trgova\u010dke mar\u017ee drugih servisa koji ujedno i prodaju opremu. Na\u0161 servis\u00a0<strong>napla\u0107uje isklju\u010divo svoje znanje i konkretni rad<\/strong>\u00a0te time osiguravamo objektivnost na\u0161ih djelatnika i nabavne cijene opreme za na\u0161e klijente.<\/p>\n<p>Ovim pristupom smo uradili veliki korak kojim smo informatiku odvojili od trgovine, a na\u0161im klijentima pru\u017eili maksimalnu sigurnost u to da \u0107e svi radovi biti usmjereni ka tome da se kvarovi otklone sa \u0161to manje tro\u0161kova.<\/p>\n<p>Treba naglasiti da servis ne radi sa fizi\u010dkim osobama (gra\u0111anstvom)\u00a0<strong>nego je isklju\u010divo vezan na djelatnost odr\u017eavanja ra\u010dunalnih mre\u017ea<\/strong>\u00a0na\u0161ih klijenata.<\/p>","protected":false},"excerpt":{"rendered":"<p>Projektiranje Linija koda d.o.o.\u00a0nudi svojim klijentima usluge projektiranja ra\u010dunalnih sustava. Prilikom projektiranja vodimo se najnovijim spoznajama na podru\u010dju ra\u010dunalinih mre\u017ea i sustava. Na\u0161i sistem administratori i programeri projektiraju ra\u010dunalne sustave za tvrtke koje nemaju potrebu ili mogu\u0107nost zapo\u0161ljavanja vlastitih stru\u010dnjaka kao i za one tvrtke koje imaju vlastiti kadar i \u017eele samo konzultantske usluge. Na\u0161&hellip;&nbsp;<a href=\"https:\/\/www.linijakoda.com\/en\/sample-page\/racunalni-sustavi\/\" class=\"\" rel=\"bookmark\">Read More &raquo;<span class=\"screen-reader-text\">IT infrastructure<\/span><\/a><\/p>","protected":false},"author":1,"featured_media":0,"parent":2,"menu_order":1,"comment_status":"closed","ping_status":"closed","template":"","meta":{"neve_meta_sidebar":"","neve_meta_container":"","neve_meta_enable_content_width":"","neve_meta_content_width":0,"neve_meta_title_alignment":"","neve_meta_author_avatar":"","neve_post_elements_order":"","neve_meta_disable_header":"","neve_meta_disable_footer":"","neve_meta_disable_title":"","footnotes":""},"class_list":["post-126","page","type-page","status-publish","hentry"],"_links":{"self":[{"href":"https:\/\/www.linijakoda.com\/en\/wp-json\/wp\/v2\/pages\/126","targetHints":{"allow":["GET"]}}],"collection":[{"href":"https:\/\/www.linijakoda.com\/en\/wp-json\/wp\/v2\/pages"}],"about":[{"href":"https:\/\/www.linijakoda.com\/en\/wp-json\/wp\/v2\/types\/page"}],"author":[{"embeddable":true,"href":"https:\/\/www.linijakoda.com\/en\/wp-json\/wp\/v2\/users\/1"}],"replies":[{"embeddable":true,"href":"https:\/\/www.linijakoda.com\/en\/wp-json\/wp\/v2\/comments?post=126"}],"version-history":[{"count":12,"href":"https:\/\/www.linijakoda.com\/en\/wp-json\/wp\/v2\/pages\/126\/revisions"}],"predecessor-version":[{"id":506,"href":"https:\/\/www.linijakoda.com\/en\/wp-json\/wp\/v2\/pages\/126\/revisions\/506"}],"up":[{"embeddable":true,"href":"https:\/\/www.linijakoda.com\/en\/wp-json\/wp\/v2\/pages\/2"}],"wp:attachment":[{"href":"https:\/\/www.linijakoda.com\/en\/wp-json\/wp\/v2\/media?parent=126"}],"curies":[{"name":"wp","href":"https:\/\/api.w.org\/{rel}","templated":true}]}}