{"id":182,"date":"2011-07-26T14:47:56","date_gmt":"2011-07-26T13:47:56","guid":{"rendered":"http:\/\/web.linijakoda.com\/?page_id=182"},"modified":"2019-11-18T15:25:26","modified_gmt":"2019-11-18T14:25:26","slug":"izrada-racunalnih-sustava","status":"publish","type":"page","link":"https:\/\/www.linijakoda.com\/en\/sample-page\/racunalni-sustavi\/izrada-racunalnih-sustava\/","title":{"rendered":"Building of IT infrastructure"},"content":{"rendered":"<p><strong>Dobro isplaniran ra\u010dunalni sustav<\/strong>\u00a0je temelj svakoj modernoj ra\u010dunalnoj mre\u017ei koja bi trebala\u00a0 funkcionirati gotovo besprijekorno.<\/p>\n<p>Tako\u0111er, dobro planiranje ra\u010dunalne mre\u017ee omogu\u0107ava dovo\u0111enje\u00a0<strong>prekida u radu na minimum<\/strong>, a tako i gubitke nastale prekidom u radu ra\u010dunalne mre\u017ee koja je temelj svakog modernog poslovanja.<\/p>\n<p><a href=\"http:\/\/web.linijakoda.com\/wp-content\/uploads\/2011\/07\/2519747ylw3y22r.jpg\"><img fetchpriority=\"high\" decoding=\"async\" class=\"alignright wp-image-145 size-medium\" title=\"Izrada racunalnih sustava\" src=\"http:\/\/www.linijakoda.com\/wp-content\/uploads\/2011\/07\/2519747ylw3y22r-300x199.jpg\" alt=\"Izrada ra\u010dunalnih sustava\" width=\"300\" height=\"199\" srcset=\"https:\/\/www.linijakoda.com\/wp-content\/uploads\/2011\/07\/2519747ylw3y22r-300x199.jpg 300w, https:\/\/www.linijakoda.com\/wp-content\/uploads\/2011\/07\/2519747ylw3y22r.jpg 400w\" sizes=\"(max-width: 300px) 100vw, 300px\" \/><\/a>Ipak iskustva pokazuju da gre\u0161ke u implementiranju su u\u010destalije od gre\u0161ki u samom planiranju. \u017delja da se posao obavi u \u0161to kra\u0107em roku\u00a0<strong>dovodi do &#8220;pre\u010daca&#8221; koji prije ili kasnije stvore ogromne probleme<\/strong>\u00a0kako korisnicima mre\u017ee tako i onome tko odr\u017eava takvu ra\u010dunalnu mre\u017eu.<\/p>\n<p>Striktnim slije\u0111enjem projekta ra\u010dunalne mre\u017ee i kori\u0161tenje svih standarda jam\u010di ne samo siguran i stabilan rad mre\u017ee nego i lako preuzimanje odr\u017eavanja mre\u017ee odnosno nadogradnje.<\/p>\n<p>Standardi koji su odavno odre\u0111eni jam\u010de da svaki sistem administrator ili mre\u017eni administrator \u0107e mo\u0107i bez problema raditi na mre\u017ei znaju\u0107i osnovne standarde i<strong>projektnu dokumentaciju<\/strong>.<\/p>\n<p>Na \u017ealost mnogo puta je ba\u0161 ovaj dio podlo\u017ean improvizacijama i &#8220;jednostavnijim&#8221; rje\u0161enjima.<br \/>\nU ovom dijelu\u00a0<strong>Linija koda d.o.o.<\/strong>\u00a0mo\u017ee vam pomo\u0107i implementiranjem mre\u017ee od strane svojih tehni\u010dara koji \u0107e slijediti standarde primjene ili \u0107e, kao konzultant, nadgledati samu primjenu i jam\u010diti vam implementaciju po standardima struke kao i zavr\u0161no testiranje ra\u010dunalne mre\u017ee, a time i\u00a0<strong>garancije njene inspravnosti<\/strong><\/p>","protected":false},"excerpt":{"rendered":"<p>Dobro isplaniran ra\u010dunalni sustav\u00a0je temelj svakoj modernoj ra\u010dunalnoj mre\u017ei koja bi trebala\u00a0 funkcionirati gotovo besprijekorno. Tako\u0111er, dobro planiranje ra\u010dunalne mre\u017ee omogu\u0107ava dovo\u0111enje\u00a0prekida u radu na minimum, a tako i gubitke nastale prekidom u radu ra\u010dunalne mre\u017ee koja je temelj svakog modernog poslovanja. Ipak iskustva pokazuju da gre\u0161ke u implementiranju su u\u010destalije od gre\u0161ki u samom&hellip;&nbsp;<a href=\"https:\/\/www.linijakoda.com\/en\/sample-page\/racunalni-sustavi\/izrada-racunalnih-sustava\/\" class=\"\" rel=\"bookmark\">Read More &raquo;<span class=\"screen-reader-text\">Building of IT infrastructure<\/span><\/a><\/p>","protected":false},"author":1,"featured_media":0,"parent":126,"menu_order":2,"comment_status":"closed","ping_status":"closed","template":"","meta":{"neve_meta_sidebar":"default","neve_meta_container":"default","neve_meta_enable_content_width":"off","neve_meta_content_width":70,"neve_meta_title_alignment":"","neve_meta_author_avatar":"","neve_post_elements_order":"","neve_meta_disable_header":"off","neve_meta_disable_footer":"off","neve_meta_disable_title":"off","footnotes":""},"class_list":["post-182","page","type-page","status-publish","hentry"],"_links":{"self":[{"href":"https:\/\/www.linijakoda.com\/en\/wp-json\/wp\/v2\/pages\/182","targetHints":{"allow":["GET"]}}],"collection":[{"href":"https:\/\/www.linijakoda.com\/en\/wp-json\/wp\/v2\/pages"}],"about":[{"href":"https:\/\/www.linijakoda.com\/en\/wp-json\/wp\/v2\/types\/page"}],"author":[{"embeddable":true,"href":"https:\/\/www.linijakoda.com\/en\/wp-json\/wp\/v2\/users\/1"}],"replies":[{"embeddable":true,"href":"https:\/\/www.linijakoda.com\/en\/wp-json\/wp\/v2\/comments?post=182"}],"version-history":[{"count":4,"href":"https:\/\/www.linijakoda.com\/en\/wp-json\/wp\/v2\/pages\/182\/revisions"}],"predecessor-version":[{"id":510,"href":"https:\/\/www.linijakoda.com\/en\/wp-json\/wp\/v2\/pages\/182\/revisions\/510"}],"up":[{"embeddable":true,"href":"https:\/\/www.linijakoda.com\/en\/wp-json\/wp\/v2\/pages\/126"}],"wp:attachment":[{"href":"https:\/\/www.linijakoda.com\/en\/wp-json\/wp\/v2\/media?parent=182"}],"curies":[{"name":"wp","href":"https:\/\/api.w.org\/{rel}","templated":true}]}}