{"id":68,"date":"2011-07-15T08:28:59","date_gmt":"2011-07-15T07:28:59","guid":{"rendered":"http:\/\/web.linijakoda.com\/?page_id=68"},"modified":"2019-11-11T15:25:26","modified_gmt":"2019-11-11T14:25:26","slug":"napp-racunovodstveni-program","status":"publish","type":"page","link":"https:\/\/www.linijakoda.com\/en\/napp-racunovodstveni-program\/","title":{"rendered":"NApp &#8211; ra\u010dunovodstveni program"},"content":{"rendered":"<h2>NApp &#8211; ra\u010dunovodstveni program<\/h2>\n<p>&nbsp;<\/p>\n<h3>Kori\u0161tene tehnologije<\/h3>\n<p style=\"text-align: justify;\">Sustav koristi moderne tehnologije orijentirane na Microsoftovu paletu proizvoda. Baziranjem tehnologije oko jednog proizvo\u0111a\u010da stvorili smo mogu\u0107nosti razvoja i podr\u0161ke sustava s maksimalnom kompatibilno\u0161\u0107u svih njegovih dijelova. Kori\u0161tenjem proizvoda od samo jednog dobavlja\u010da, tako\u0111er osigurava smanjenje cijena implementacije, osiguranu podr\u0161ku te bolje garancijske uvijete krajnjem kupcu.<br \/>\nMicrosoft je svjetski najra\u0161ireniji proizvo\u0111a\u010d operativnih sustava, a njihov operativni sustav naj\u010de\u0161\u0107i je i kao korisni\u010dki i kao serverski operativni sustav.<br \/>\nBaza podataka koristi Microsoftov SQL Server 2005, tako\u0111er jednu od najkvalitetnijih komercijalnih serverskih baza podataka.<br \/>\n&#8220;.Net framework&#8221;, pozadina cijelog poslovnog sustava, dokazao se ve\u0107 nizom godina kao stabilna i kvalitetna platforma za razvoj modernih softwareskih rje\u0161enja. Usporedno s Internet Information Services dijelom Windows Servera 2003 pru\u017ea odli\u010dnu platformu za pru\u017eanje web usluga, web servisa i izvje\u0161tajnog sustava integriranog s SQL Serverom 2005.<br \/>\nOvakva mre\u017ea proizvoda osigurala je temelj za stabilan i siguran rast broja korisnika sustava. Rast broja korisnika sustava ne predstavlja problem jer se svaki od navedenih Microsoftovih proizvoda mo\u017eete razdvojiti na zaseban server, ili cluster ukoliko se poka\u017ee potreba. Ukoliko je tvrtka razdijeljena po geografski odvojenim poslovnicama, serveri se mogu distribuirati po poslovnicama kako bi poslovnice bile osigurane od slu\u010daja pada komunikacijske veze, nestanka struje i sli\u010dnih nepogoda koje se mogu desiti u centralnoj lokaciji, a dodatna pogodnost je i smanjenje optere\u0107enja veze i servera.<br \/>\nRazvoj sustava pratio je Microsoftove &#8220;Patterns &amp; Pracitces&#8221; (eng. \u201euzorci i obi\u010daji&#8221;) smjernice od arhitekture &#8220;Smart Client&#8221; aplikacija, preko izrade web servisa, do sigurnosnih postavka svih servisa.<\/p>\n<p style=\"text-align: justify;\"><a href=\"http:\/\/web.linijakoda.com\/wp-content\/uploads\/2011\/07\/Linijkoda_web_NApp_1.gif\"><img fetchpriority=\"high\" decoding=\"async\" class=\"aligncenter wp-image-73 size-full\" title=\"Linijkoda_web_NApp_1\" src=\"http:\/\/www.linijakoda.com\/wp-content\/uploads\/2011\/07\/Linijkoda_web_NApp_1.gif\" alt=\"\" width=\"298\" height=\"221\" \/><\/a><\/p>\n<h3>Komunikacija<\/h3>\n<p>Kvalitetno i efikasno poslovanje zasniva se na kvalitetnoj komunikaciji poslovnih subjekata. Web servisi su dugogodi\u0161nji industrijski standard za razmjenu podataka, a prihva\u0107eni su od strane najve\u0107ih softwareskih ku\u0107a u svijetu. Na temelju toga je i osmi\u0161ljen prilagodljiv pristup izvorima informacija aplikacije. Klijentsku aplikaciju je mogu\u0107e prilagoditi pristupu prema serverima ovisno o njihovoj lokaciji. Ukoliko se korisnik nalazi izvan ureda, te nije povezan na lokalnu mre\u017eu, mogu\u0107e je povezati se na serverski dio aplikacije putem web servisa ili pristupiti web su\u010delju aplikacije.<br \/>\nWeb servisi su i osnova za komunikaciju aplikacije s ostalim aplikacijama koje tvrtka ili tvrtkini partneri koriste. Na ovaj na\u010din tvrtka ima mogu\u0107nost koristiti razli\u010dite aplikacije te ih povezati u jednu cjelinu. Primjerice, web servise mogu\u0107e je koristiti za automatski prijem narud\u017ebi robe ili pregled stanja robe po skladi\u0161tima od partnerskih tvrtki iz njihovog vlastitog softwarea koji mo\u017ee biti razvijen na sasvim razli\u010ditoj tehnolo\u0161koj platformi.<br \/>\nTako\u0111er, kori\u0161tenjem web servisa kao osnove za komunikaciju poslovnog sustava, pro\u0161irene su mogu\u0107nosti pristupa informacijama putem weba ili mobilnih ure\u0111aja.<\/p>\n<h3><a href=\"http:\/\/web.linijakoda.com\/wp-content\/uploads\/2011\/07\/Linijkoda_web_NApp_2.gif\"><img decoding=\"async\" class=\"aligncenter wp-image-74 size-full\" title=\"Linijkoda_web_NApp_2\" src=\"http:\/\/www.linijakoda.com\/wp-content\/uploads\/2011\/07\/Linijkoda_web_NApp_2.gif\" alt=\"\" width=\"505\" height=\"459\" srcset=\"https:\/\/www.linijakoda.com\/wp-content\/uploads\/2011\/07\/Linijkoda_web_NApp_2.gif 505w, https:\/\/www.linijakoda.com\/wp-content\/uploads\/2011\/07\/Linijkoda_web_NApp_2-300x272.gif 300w\" sizes=\"(max-width: 505px) 100vw, 505px\" \/><\/a><a href=\"http:\/\/web.linijakoda.com\/wp-content\/uploads\/2011\/07\/Linijkoda_web_NApp_2.gif\"><br \/>\n<\/a>Sigurnost<\/h3>\n<p style=\"text-align: justify;\">Kori\u0161tenje modernih tehnologija poput web servisa zahtjeva velika ulaganja u razvoju sigurnosnih mehanizama za kori\u0161tenje usluga koje oni pru\u017eaju. Ukoliko \u017eelite pru\u017eiti informacije Va\u0161im suradni\u010dkim tvrtkama, morate osigurati svaki detalj te informacije kako ne bi stigao u ruke krivim osobama, a i da osigurate da je informacija koju ste \u017eeljeli predati to\u010dno ta koju suradni\u010dka tvrtka smije vidjeti. Iz tog razloga sigurnosni mehanizmi poslovnog sustava razdijeljeni su u tri nivoa:<\/p>\n<p style=\"text-align: justify; padding-left: 180px;\">\u2022 Fizi\u010dki<br \/>\n\u2022 Vertikalni<br \/>\n\u2022 Horizontalni<\/p>\n<p style=\"text-align: justify;\">Fizi\u010dki nivo osigurava \u0161ifriranu pohranu podataka i komunikaciju izme\u0111u klijenata i poslu\u017eitelja. Ovaj dio tehni\u010dki je proveden na razini svake kori\u0161tene tehnologije zasebno ovisno o protokolu komunikacije (\u0161ifrirane baze podataka, SSL tuneli).<br \/>\nVertikalni nivo osigurava pristup odre\u0111enim modulima, tj. poslovnim procesima ili odre\u0111enim tipovima podataka samo ovla\u0161tenim korisnicima.<br \/>\nHorizontalni nivo osigurava pristup to\u010dno specifi\u010dnim podacima koji se baziraju na podacima samog poslovnog sustava.<br \/>\nNa primjer, mogu\u0107e je odre\u0111enoj grupi korisnika definirati pristup unosu ra\u010duna na vertikalnom nivou, a na horizontalnom nivou pristup bi odredili odre\u0111enoj poslovnici. Time ta grupa korisnika ne bi mogla pristupiti niti jednoj drugoj operaciji izvan odre\u0111ene poslovnice.<\/p>\n<h3>Edukacija<\/h3>\n<p style=\"text-align: justify;\">Poslovni sustav sadr\u017ei pisanu dokumentaciju koja korisnika upoznava s osnovnim funkcijama i opearcijama koje \u0107e koristiti u svakodnevnom radu s aplikacijom.<br \/>\nOsobna edukacija korisnika organizirati \u0107e se u va\u0161im poslovnicma, a za centralnu lokaciju orgnaizirati \u0107e se grupe od maksimalno osam polaznika koji \u0107e poha\u0111ati te\u010dajeve u na\u0161oj u\u010dionici.<br \/>\nPrije po\u010detka rada, aplikacija \u0107e biti instalirana na poslu\u017eitelje i korisni\u010dka ra\u010dunala kako bi korisnici sami mogli isprobati i vje\u017ebati rad s aplikacijom bez bojazni da \u0107e svojim radnjama napraviti gre\u0161ku koja bi mogla na\u0161tetiti poslovanju. Prema potrebi, mogu\u0107e je naknadno postaviti sustav za vje\u017ebu i testiranje koji \u0107e novi korisnici koristiti na jednak na\u010din za svrhu vlastite edukacije.<br \/>\nEdukaciju o novim mogu\u0107nostima aplikacije obavljati \u0107emo putem na\u0161e tehni\u010dke podr\u0161ke za korisnike putem interneta. Na taj na\u010din edukacija va\u0161im djelatnicima je uvijek dostupna u klju\u010dnim trenutcima ukoliko korisnik zaboravi kako napraviti neku rije\u0111e kori\u0161tenu radnju.<\/p>\n<h3>Moduli<\/h3>\n<p style=\"text-align: justify;\">Modularnim pristupom implementacije sustava mogu\u0107e je razdijeliti kori\u0161tenje aplikacije na specifi\u010dne potrebe odre\u0111enih korisnika. Time smo omogu\u0107ili lak\u0161u upotrebu i mogu\u0107nost br\u017ee edukacije krajnjem korisniku. Svakom korisniku mogu\u0107e je definirati rad s samo odre\u0111enim modulima koji su mu potrebni prilikom izvr\u0161enja poslovnog procesa.<br \/>\nModuli me\u0111usobno razmjenjuju podatke i doga\u0111aje unutar sustava te je time uklonjena mogu\u0107nost pojavljivanja redundantnih podataka. Komunikacija izme\u0111u poslovnih procesa tako\u0111er je modularna, te time dobivate mogu\u0107nost prilagodbe rada svakog modula prema Va\u0161im potrebama.<br \/>\nModuli su razdijeljeni prema odre\u0111enim skupinama poslovnih procesa koji se pojavljuju u svakodnevnom poslovanju tvrtke.<\/p>\n<p style=\"text-align: justify;\"><a href=\"http:\/\/web.linijakoda.com\/wp-content\/uploads\/2011\/07\/Linijkoda_web_NApp_4.gif\"><img decoding=\"async\" class=\"aligncenter wp-image-75 size-full\" title=\"Linijkoda_web_NApp_4\" src=\"http:\/\/www.linijakoda.com\/wp-content\/uploads\/2011\/07\/Linijkoda_web_NApp_4.gif\" alt=\"\" width=\"300\" height=\"286\" \/><\/a><\/p>\n<h4 style=\"text-align: justify;\">1. Robno trgovanje<\/h4>\n<p>Modul &#8220;Robno trgovanje&#8221; se koristi za poslovne procese vezane uz robno trgovanje. Korisnici modula mogu koristiti slijede\u0107e skupine podataka:<\/p>\n<p style=\"padding-left: 30px;\">\u2022 mati\u010dni podaci (artikli, kupci, dobavlja\u010di, porezi, valute, te\u010dajevi, &#8230;)<br \/>\n\u2022 ulaz robe od doma\u0107ih dobavlja\u010da i uvoz (ulaz robe, kalkulacija, &#8230;)<br \/>\n\u2022 zapisnici o promjeni cijena (u postotku ili iznosu, &#8230;)<br \/>\n\u2022 knji\u017eenje (ulaz robe, izlaz robe, storna, vi\u0161kovi\/manjkovi, otpisi, &#8230;)<br \/>\n\u2022 ponude (predra\u010duni)<br \/>\n\u2022 kalkulacija (upis, kalkulacija, uvid, ispis, &#8230;)<br \/>\n\u2022 fakturiranje (upis, uvid, ispis, &#8230;)<br \/>\n\u2022 ispisi (kartica artikla, kalkulacije, fakture, lager lista, stanje artikala na skladi\u0161tu, &#8230;)<br \/>\n\u2022 inventure<br \/>\n\u2022 rekapitulacije za odre\u0111eni period (kalkulacija, faktura, RUC-a, zapisnika o promjeni cijena, &#8230;)<br \/>\n\u2022 rekapitulacije za knjigovodstvo<\/p>\n<h4>2. Financijsko knjigovodstvo<\/h4>\n<p style=\"text-align: justify;\">Financijsko knjigovodstvo preuzima podatke ostalih modula poslovnog procesa (robno, materijalno, osnovna sredsva, pla\u0107e,\u2026), te vlastitim funkcionalnostima zaokru\u017euje knjigovodstvene potrebe tvrtke. Korisnici modula mogu koristiti slijede\u0107e skupine podataka:<\/p>\n<p style=\"text-align: justify; padding-left: 30px;\">\u2022 mati\u010dni podaci (konta, mjesta tro\u0161ka, vrste dokumenata, adresar poslovnih partnera, kamatne stope, &#8230;)<br \/>\n\u2022 dnevnik knji\u017eenja<br \/>\n\u2022 analiti\u010dke kartice poslovnih partnera<br \/>\n\u2022 uvid u stanje glavne knjige po kontu i mjestu tro\u0161ka<br \/>\n\u2022 rekapitulacije knji\u017eenja<br \/>\n\u2022 sume po analiti\u010dkim i sinteti\u010dkim kontima te klasama<br \/>\n\u2022 bilance (analitike, sintetike, po\u010detnih stanja)<br \/>\n\u2022 automatsko ili ru\u010dno zatvaranje IOS-a<br \/>\n\u2022 automatsko zatvaranje klasa 4 i 7<br \/>\n\u2022 uvid u stanje glavne knjige po kupcima\/dobavlja\u010dima i kontima<br \/>\n\u2022 obra\u010dun kamata<br \/>\n\u2022 ispis otvorenih stavaka, opomena, kamata<br \/>\n\u2022 iskazi konta kupaca i dobavlja\u010da<br \/>\n\u2022 knjige URA, IRA<br \/>\n\u2022 PDV obrazac<\/p>\n<p>Podmoduli &#8220;Blagajna&#8221; i \u201ePutni nalozi\u201c sadr\u017ei:<\/p>\n<p style=\"padding-left: 30px;\">\u2022 ulaz, izlaz, stanje blagajne na dan, &#8230;<br \/>\n\u2022 ispis blagajni\u010dkog izvje\u0161taja<br \/>\n\u2022 ispis uplatnica i isplatnica<br \/>\n\u2022 obra\u010dun i ispis putnih naloga<br \/>\n\u2022 obra\u010dun locco vo\u017enje<\/p>\n<h4>3. Pla\u0107e<\/h4>\n<p>\u2022 mati\u010dni podaci (djelatnici, mjesta tro\u0161ka, porezi i doprinosi, osobni odbici, vrste primanja-formula obra\u010duna, poslovne banke, porezne uprave, &#8230;)<br \/>\n\u2022 obra\u010dun pla\u0107a prema zakonskim propisima, mogu\u0107nosti kreiranja obra\u010duna iz bruta neto i obrnuto ili kori\u0161tenje formula za obra\u010dun koje se mogu bazirati na temelju satnice, bodova, minulog rada i raznih koeficijenata<br \/>\n\u2022 pridru\u017eivanje ili brisanja bilo koje vrste primanja za sve djelatnike<br \/>\n\u2022 kreiranje, ispis virmana<br \/>\n\u2022 ispis rekapitulacija i lista za FINU, banke, kreditore<br \/>\n\u2022 ispis obra\u010dunskih listi\u0107a<br \/>\n\u2022 ispis godi\u0161nje kartice zaposlenika<br \/>\n\u2022 ispis ID, SPL, PK<\/p>\n<h4>4. Analiza<\/h4>\n<p style=\"text-align: justify;\">Modul za analizu slu\u017ei pretra\u017eivanju i detaljnoj analizi obavljenog poslovanja ostalih modula. Namijenjen je korisnicima na vi\u0161im administrativnim razinama kao alat koji \u0107e im slu\u017eiti kao pomo\u0107 pri dono\u0161enju poslovnih odlukama. Korisnik ima mogu\u0107nost filtriranja, grupiranja i agregatne analize podataka (pobrojanja, sume, srednje vrijednosti i sl.) prema vlastitom kriteriju. Dobivene podatke mogu\u0107e je i grafi\u010dki prikazati (ovisno o tipu podatka koji korisnik \u017eeli prikazati) ili izvesti neki od standardnih tipova datoteka (Microsoft Excel, XML,&#8230;)<\/p>\n<h4>5. Izvje\u0161\u0107ivanje<\/h4>\n<p style=\"text-align: justify;\">Modul izvje\u0161\u0107ivanje omogu\u0107ava pristup unaprijed definiranim izvje\u0161taja koji podatke preuzimaju iz prethodno navedenih modula.<\/p>\n<h4>6. Pristupne licence<\/h4>\n<p style=\"text-align: justify;\">Ukoliko pratite vi\u0161e zasebnih tvrtki, pomo\u0107u pristupnih licenci, Va\u0161im korisnicima omogu\u0107avate pristup evidentiranim podacima putem Interneta. Pristupne licence omogu\u0107avaju pristup za \u010ditanje podataka i izvje\u0161taja koje su evidentirane za pojedinu tvrtku. Preglednik evidencija mo\u017eete implementirati unutar svoje Internetske stranice, a najbolja interakcija mogu\u0107a je s CMS sustavima (\u201eContent Management System\u201c eng. \u201eSustav upravljanja sadr\u017eajem\u201c) baziranim na DotNetNuke ili Sharepoint tehnologijama. Preduvjet za kori\u0161tenje ovog dijela sustava je stalna dostupnost va\u0161eg servera putem interneta. Ukoliko jo\u0161 nemate svoj Internet portal, mi Vam ga mo\u017eemo naknadno ponuditi.<\/p>","protected":false},"excerpt":{"rendered":"<p>NApp &#8211; ra\u010dunovodstveni program &nbsp; Kori\u0161tene tehnologije Sustav koristi moderne tehnologije orijentirane na Microsoftovu paletu proizvoda. Baziranjem tehnologije oko jednog proizvo\u0111a\u010da stvorili smo mogu\u0107nosti razvoja i podr\u0161ke sustava s maksimalnom kompatibilno\u0161\u0107u svih njegovih dijelova. Kori\u0161tenjem proizvoda od samo jednog dobavlja\u010da, tako\u0111er osigurava smanjenje cijena implementacije, osiguranu podr\u0161ku te bolje garancijske uvijete krajnjem kupcu. Microsoft je&hellip;&nbsp;<a href=\"https:\/\/www.linijakoda.com\/en\/napp-racunovodstveni-program\/\" class=\"\" rel=\"bookmark\">Read More &raquo;<span class=\"screen-reader-text\">NApp &#8211; ra\u010dunovodstveni program<\/span><\/a><\/p>","protected":false},"author":1,"featured_media":0,"parent":0,"menu_order":2,"comment_status":"closed","ping_status":"closed","template":"","meta":{"neve_meta_sidebar":"full-width","neve_meta_container":"contained","neve_meta_enable_content_width":"on","neve_meta_content_width":70,"neve_meta_title_alignment":"","neve_meta_author_avatar":"","neve_post_elements_order":"","neve_meta_disable_header":"off","neve_meta_disable_footer":"off","neve_meta_disable_title":"off","footnotes":""},"class_list":["post-68","page","type-page","status-publish","hentry"],"_links":{"self":[{"href":"https:\/\/www.linijakoda.com\/en\/wp-json\/wp\/v2\/pages\/68","targetHints":{"allow":["GET"]}}],"collection":[{"href":"https:\/\/www.linijakoda.com\/en\/wp-json\/wp\/v2\/pages"}],"about":[{"href":"https:\/\/www.linijakoda.com\/en\/wp-json\/wp\/v2\/types\/page"}],"author":[{"embeddable":true,"href":"https:\/\/www.linijakoda.com\/en\/wp-json\/wp\/v2\/users\/1"}],"replies":[{"embeddable":true,"href":"https:\/\/www.linijakoda.com\/en\/wp-json\/wp\/v2\/comments?post=68"}],"version-history":[{"count":10,"href":"https:\/\/www.linijakoda.com\/en\/wp-json\/wp\/v2\/pages\/68\/revisions"}],"predecessor-version":[{"id":637,"href":"https:\/\/www.linijakoda.com\/en\/wp-json\/wp\/v2\/pages\/68\/revisions\/637"}],"wp:attachment":[{"href":"https:\/\/www.linijakoda.com\/en\/wp-json\/wp\/v2\/media?parent=68"}],"curies":[{"name":"wp","href":"https:\/\/api.w.org\/{rel}","templated":true}]}}